{"id":1642,"date":"2020-03-10T08:47:45","date_gmt":"2020-03-10T08:47:45","guid":{"rendered":"http:\/\/saricconsultant.rs\/usluge\/"},"modified":"2024-02-26T12:00:19","modified_gmt":"2024-02-26T12:00:19","slug":"services","status":"publish","type":"page","link":"https:\/\/saricconsultant.rs\/en\/services\/","title":{"rendered":"Services"},"content":{"rendered":"<p>[vc_row][vc_column][vc_empty_space][vc_column_text css=&#8221;.vc_custom_1583320108342{padding-top: 20px !important;padding-right: 10px !important;padding-bottom: 20px !important;padding-left: 10px !important;background-color: #b11116 !important;}&#8221;]<\/p>\n<h2 style=\"text-align: center;\"><span style=\"color: #ffffff;\">SaricConsultant Services<\/span><\/h2>\n<p>[\/vc_column_text][vc_column_text css=&#8221;.vc_custom_1583829031234{padding-top: 20px !important;}&#8221;]<\/p>\n<h4 style=\"text-align: center;\">SaricConsultant, Sanja \u0160ari\u0107 dipl. pravnik<\/h4>\n<p>[\/vc_column_text][vc_empty_space][vc_row_inner][vc_column_inner width=&#8221;1\/4&#8243;][vc_single_image image=&#8221;44&#8243; img_size=&#8221;500*500&#8243; alignment=&#8221;center&#8221; onclick=&#8221;custom_link&#8221; link=&#8221;http:\/\/saricconsultant.rs\/kompanijsko-pravo\/&#8221;][vc_empty_space][vc_column_text]<\/p>\n<h3 style=\"text-align: center;\"><a href=\"http:\/\/saricconsultant.rs\/kompanijsko-pravo\/\">Corporate Law<\/a><\/h3>\n<p><img loading=\"lazy\" decoding=\"async\" class=\"alignnone size-full wp-image-50 aligncenter\" src=\"http:\/\/saricconsultant.rs\/wp-content\/uploads\/2020\/03\/saric-line-1.png\" alt=\"\" width=\"72\" height=\"3\" \/><\/p>\n<p style=\"text-align: center;\">We provide clients with comprehensive service starting with the establishment of various types of companies, branches or representative offices, purchasing a share or stocks in the legal entity capital, recapitalization, change in\u2026<\/p>\n<p>[\/vc_column_text][vc_empty_space height=&#8221;20&#8243;]<div class=\" ubtn-ctn-center \"><a class=\"ubtn-link ult-adjust-bottom-margin ubtn-center ubtn-mini \" href = \"http:\/\/saricconsultant.rs\/en\/corporate-law\/\" target='' ><button type=\"button\" id=\"ubtn-3426\" class=\"ubtn ult-adjust-bottom-margin ult-responsive ubtn-mini ubtn-no-hover-bg  none  ubtn-center   tooltip-69eb4c331842d\"  data-hover=\"\" data-border-color=\"\" data-bg=\"#b11116\" data-hover-bg=\"\" data-border-hover=\"\" data-shadow-hover=\"\" data-shadow-click=\"none\" data-shadow=\"\" data-shd-shadow=\"\"  data-ultimate-target='#ubtn-3426'  data-responsive-json-new='{\"font-size\":\"\",\"line-height\":\"\"}'  style=\"font-weight:normal;border:none;background: #b11116;color: #ffffff;\"><span class=\"ubtn-hover\" style=\"background-color:\"><\/span><span class=\"ubtn-data ubtn-text \" >Read More<\/span><\/button><\/a><\/div>[\/vc_column_inner][vc_column_inner width=&#8221;1\/4&#8243;][vc_single_image image=&#8221;94&#8243; img_size=&#8221;500*500&#8243; alignment=&#8221;center&#8221; onclick=&#8221;custom_link&#8221; link=&#8221;http:\/\/saricconsultant.rs\/en\/real-estate\/&#8221;][vc_empty_space][vc_column_text]<\/p>\n<h3 style=\"text-align: center;\"><a href=\"http:\/\/saricconsultant.rs\/en\/real-estate\/\">REAL ESTATE<\/a><\/h3>\n<p><img loading=\"lazy\" decoding=\"async\" class=\"alignnone size-full wp-image-50 aligncenter\" src=\"http:\/\/saricconsultant.rs\/wp-content\/uploads\/2020\/03\/saric-line-1.png\" alt=\"\" width=\"72\" height=\"3\" \/><\/p>\n<p style=\"text-align: center;\">In the field of transfer of immovable property, we provide clients with comprehensive service of counselling in the procedure for concluding contracts that present legal basis for the transfer and acquiring of&#8230;<\/p>\n<p>[\/vc_column_text][vc_empty_space height=&#8221;20&#8243;]<div class=\" ubtn-ctn-center \"><a class=\"ubtn-link ult-adjust-bottom-margin ubtn-center ubtn-mini \" href = \"http:\/\/saricconsultant.rs\/en\/real-estate\/\" target='' ><button type=\"button\" id=\"ubtn-8685\" class=\"ubtn ult-adjust-bottom-margin ult-responsive ubtn-mini ubtn-no-hover-bg  none  ubtn-center   tooltip-69eb4c33185b5\"  data-hover=\"\" data-border-color=\"\" data-bg=\"#b11116\" data-hover-bg=\"\" data-border-hover=\"\" data-shadow-hover=\"\" data-shadow-click=\"none\" data-shadow=\"\" data-shd-shadow=\"\"  data-ultimate-target='#ubtn-8685'  data-responsive-json-new='{\"font-size\":\"\",\"line-height\":\"\"}'  style=\"font-weight:normal;border:none;background: #b11116;color: #ffffff;\"><span class=\"ubtn-hover\" style=\"background-color:\"><\/span><span class=\"ubtn-data ubtn-text \" >Read More<\/span><\/button><\/a><\/div>[\/vc_column_inner][vc_column_inner width=&#8221;1\/4&#8243;][vc_single_image image=&#8221;101&#8243; img_size=&#8221;500*500&#8243; alignment=&#8221;center&#8221; onclick=&#8221;custom_link&#8221; link=&#8221;http:\/\/saricconsultant.rs\/en\/establishment-and-registering-of-company-changes\/&#8221;][vc_empty_space][vc_column_text]<\/p>\n<h3 style=\"text-align: center;\"><a href=\"http:\/\/saricconsultant.rs\/en\/establishment-and-registering-of-company-changes\/\">ESTABLISHMENT AND REGISTERING OF COMPANY CHANGES<\/a><\/h3>\n<p><img loading=\"lazy\" decoding=\"async\" class=\"alignnone size-full wp-image-50 aligncenter\" src=\"http:\/\/saricconsultant.rs\/wp-content\/uploads\/2020\/03\/saric-line-1.png\" alt=\"\" width=\"72\" height=\"3\" \/><\/p>\n<p style=\"text-align: center;\">In the scope of the establishment of companies we offer to our clients the comprehensive service related to the establishment of all types of companies and other legal entities<\/p>\n<p>[\/vc_column_text][vc_empty_space height=&#8221;20&#8243;]<div class=\" ubtn-ctn-center \"><a class=\"ubtn-link ult-adjust-bottom-margin ubtn-center ubtn-mini \" href = \"http:\/\/saricconsultant.rs\/en\/establishment-and-registering-of-company-changes\/\" target='' ><button type=\"button\" id=\"ubtn-4958\" class=\"ubtn ult-adjust-bottom-margin ult-responsive ubtn-mini ubtn-no-hover-bg  none  ubtn-center   tooltip-69eb4c33185fb\"  data-hover=\"\" data-border-color=\"\" data-bg=\"#b11116\" data-hover-bg=\"\" data-border-hover=\"\" data-shadow-hover=\"\" data-shadow-click=\"none\" data-shadow=\"\" data-shd-shadow=\"\"  data-ultimate-target='#ubtn-4958'  data-responsive-json-new='{\"font-size\":\"\",\"line-height\":\"\"}'  style=\"font-weight:normal;border:none;background: #b11116;color: #ffffff;\"><span class=\"ubtn-hover\" style=\"background-color:\"><\/span><span class=\"ubtn-data ubtn-text \" >Vi\u0161e detalja...<\/span><\/button><\/a><\/div>[\/vc_column_inner][vc_column_inner width=&#8221;1\/4&#8243;][vc_single_image image=&#8221;107&#8243; img_size=&#8221;500*500&#8243; alignment=&#8221;center&#8221; onclick=&#8221;custom_link&#8221; link=&#8221;http:\/\/saricconsultant.rs\/en\/contract-law\/&#8221;][vc_empty_space][vc_column_text]<\/p>\n<h3 style=\"text-align: center;\"><a href=\"http:\/\/saricconsultant.rs\/en\/contract-law\/\">CONTRACT LAW<\/a><\/h3>\n<p><img loading=\"lazy\" decoding=\"async\" class=\"alignnone size-full wp-image-50 aligncenter\" src=\"http:\/\/saricconsultant.rs\/wp-content\/uploads\/2020\/03\/saric-line-1.png\" alt=\"\" width=\"72\" height=\"3\" \/><\/p>\n<p style=\"text-align: center;\">Within the contract law, we provide our clients with a comprehensive service of counselling in the business contract conclusion procedure with local and foreign clients&#8230;<\/p>\n<p>[\/vc_column_text][vc_empty_space height=&#8221;20&#8243;]<div class=\" ubtn-ctn-center \"><a class=\"ubtn-link ult-adjust-bottom-margin ubtn-center ubtn-mini \" href = \"http:\/\/saricconsultant.rs\/en\/contract-law\/\" target='' ><button type=\"button\" id=\"ubtn-9155\" class=\"ubtn ult-adjust-bottom-margin ult-responsive ubtn-mini ubtn-no-hover-bg  none  ubtn-center   tooltip-69eb4c331862b\"  data-hover=\"\" data-border-color=\"\" data-bg=\"#b11116\" data-hover-bg=\"\" data-border-hover=\"\" data-shadow-hover=\"\" data-shadow-click=\"none\" data-shadow=\"\" data-shd-shadow=\"\"  data-ultimate-target='#ubtn-9155'  data-responsive-json-new='{\"font-size\":\"\",\"line-height\":\"\"}'  style=\"font-weight:normal;border:none;background: #b11116;color: #ffffff;\"><span class=\"ubtn-hover\" style=\"background-color:\"><\/span><span class=\"ubtn-data ubtn-text \" >Read More<\/span><\/button><\/a><\/div>[\/vc_column_inner][\/vc_row_inner][vc_row_inner][vc_column_inner width=&#8221;1\/4&#8243;][vc_single_image image=&#8221;114&#8243; img_size=&#8221;500*500&#8243; alignment=&#8221;center&#8221; onclick=&#8221;custom_link&#8221; link=&#8221;http:\/\/saricconsultant.rs\/en\/mortgage-registered-pledge\/&#8221;][vc_empty_space][vc_column_text]<\/p>\n<h3 style=\"text-align: center;\"><a href=\"http:\/\/saricconsultant.rs\/en\/mortgage-registered-pledge\/\">MORTGAGE, REGISTERED PLEDGE<\/a><\/h3>\n<p><img loading=\"lazy\" decoding=\"async\" class=\"alignnone size-full wp-image-50 aligncenter\" src=\"http:\/\/saricconsultant.rs\/wp-content\/uploads\/2020\/03\/saric-line-1.png\" alt=\"\" width=\"72\" height=\"3\" \/><\/p>\n<p style=\"text-align: center;\">Within our consulting service, we render our clients assistance in the procedure of drawing up, certification and registration of mortgage contracts, super mortgage contracts, as well as expert assistance in the implementation of an out-of-court procedure of&#8230;<\/p>\n<p>[\/vc_column_text][vc_empty_space height=&#8221;20&#8243;]<div class=\" ubtn-ctn-center \"><a class=\"ubtn-link ult-adjust-bottom-margin ubtn-center ubtn-mini \" href = \"http:\/\/saricconsultant.rs\/en\/mortgage-registered-pledge\/\" target='' ><button type=\"button\" id=\"ubtn-5850\" class=\"ubtn ult-adjust-bottom-margin ult-responsive ubtn-mini ubtn-no-hover-bg  none  ubtn-center   tooltip-69eb4c3318656\"  data-hover=\"\" data-border-color=\"\" data-bg=\"#b11116\" data-hover-bg=\"\" data-border-hover=\"\" data-shadow-hover=\"\" data-shadow-click=\"none\" data-shadow=\"\" data-shd-shadow=\"\"  data-ultimate-target='#ubtn-5850'  data-responsive-json-new='{\"font-size\":\"\",\"line-height\":\"\"}'  style=\"font-weight:normal;border:none;background: #b11116;color: #ffffff;\"><span class=\"ubtn-hover\" style=\"background-color:\"><\/span><span class=\"ubtn-data ubtn-text \" >Read More<\/span><\/button><\/a><\/div>[\/vc_column_inner][vc_column_inner width=&#8221;1\/4&#8243;][vc_single_image image=&#8221;119&#8243; img_size=&#8221;500*500&#8243; alignment=&#8221;center&#8221; onclick=&#8221;custom_link&#8221; link=&#8221;http:\/\/saricconsultant.rs\/en\/public-procurements\/&#8221;][vc_empty_space][vc_column_text]<\/p>\n<h3 style=\"text-align: center;\"><a href=\"http:\/\/saricconsultant.rs\/en\/public-procurements\/\">PUBLIC PROCUREMENTS<\/a><\/h3>\n<p><img loading=\"lazy\" decoding=\"async\" class=\"alignnone size-full wp-image-50 aligncenter\" src=\"http:\/\/saricconsultant.rs\/wp-content\/uploads\/2020\/03\/saric-line-1.png\" alt=\"\" width=\"72\" height=\"3\" \/><\/p>\n<p style=\"text-align: center;\">Within the public procurement procedures, we provide our clients with a comprehensive consulting service, by giving them advice and assistance in the procedure of composition of competiton documentation and in the procedure of drawing up a request for the protection of rights&#8230;<\/p>\n<p>[\/vc_column_text][vc_empty_space height=&#8221;20&#8243;]<div class=\" ubtn-ctn-center \"><a class=\"ubtn-link ult-adjust-bottom-margin ubtn-center ubtn-mini \" href = \"http:\/\/saricconsultant.rs\/en\/public-procurements\/\" target='' ><button type=\"button\" id=\"ubtn-3074\" class=\"ubtn ult-adjust-bottom-margin ult-responsive ubtn-mini ubtn-no-hover-bg  none  ubtn-center   tooltip-69eb4c331867e\"  data-hover=\"\" data-border-color=\"\" data-bg=\"#b11116\" data-hover-bg=\"\" data-border-hover=\"\" data-shadow-hover=\"\" data-shadow-click=\"none\" data-shadow=\"\" data-shd-shadow=\"\"  data-ultimate-target='#ubtn-3074'  data-responsive-json-new='{\"font-size\":\"\",\"line-height\":\"\"}'  style=\"font-weight:normal;border:none;background: #b11116;color: #ffffff;\"><span class=\"ubtn-hover\" style=\"background-color:\"><\/span><span class=\"ubtn-data ubtn-text \" >Read More<\/span><\/button><\/a><\/div>[\/vc_column_inner][vc_column_inner width=&#8221;1\/4&#8243;][vc_single_image image=&#8221;126&#8243; img_size=&#8221;500*500&#8243; alignment=&#8221;center&#8221; onclick=&#8221;custom_link&#8221; link=&#8221;http:\/\/saricconsultant.rs\/en\/grants\/&#8221;][vc_empty_space][vc_column_text]<\/p>\n<h3 style=\"text-align: center;\"><a href=\"http:\/\/saricconsultant.rs\/en\/grants\/\">Grants<br \/>\nEU PROJECTS<\/a><\/h3>\n<p><img loading=\"lazy\" decoding=\"async\" class=\"alignnone size-full wp-image-50 aligncenter\" src=\"http:\/\/saricconsultant.rs\/wp-content\/uploads\/2020\/03\/saric-line-1.png\" alt=\"\" width=\"72\" height=\"3\" \/><\/p>\n<p style=\"text-align: center;\">We render our clients the service of consulting in the procedure of project preparation, planning and writing, by defining a project idea, establishing and harmonizing the goals of a specific project with national and international strategies, elaborating project activities, compiling&#8230;<\/p>\n<p>[\/vc_column_text][vc_empty_space height=&#8221;20&#8243;]<div class=\" ubtn-ctn-center \"><a class=\"ubtn-link ult-adjust-bottom-margin ubtn-center ubtn-mini \" href = \"http:\/\/saricconsultant.rs\/en\/grants\/\" target='' ><button type=\"button\" id=\"ubtn-3433\" class=\"ubtn ult-adjust-bottom-margin ult-responsive ubtn-mini ubtn-no-hover-bg  none  ubtn-center   tooltip-69eb4c33186a3\"  data-hover=\"\" data-border-color=\"\" data-bg=\"#b11116\" data-hover-bg=\"\" data-border-hover=\"\" data-shadow-hover=\"\" data-shadow-click=\"none\" data-shadow=\"\" data-shd-shadow=\"\"  data-ultimate-target='#ubtn-3433'  data-responsive-json-new='{\"font-size\":\"\",\"line-height\":\"\"}'  style=\"font-weight:normal;border:none;background: #b11116;color: #ffffff;\"><span class=\"ubtn-hover\" style=\"background-color:\"><\/span><span class=\"ubtn-data ubtn-text \" >Read More<\/span><\/button><\/a><\/div>[\/vc_column_inner][vc_column_inner width=&#8221;1\/4&#8243;][vc_empty_space][vc_empty_space height=&#8221;20&#8243;][\/vc_column_inner][\/vc_row_inner][vc_empty_space][\/vc_column][\/vc_row][vc_row type=&#8221;5&#8243; bg_color=&#8221;#f2f3f3&#8243;][vc_column][vc_empty_space height=&#8221;50&#8243;][vc_row_inner][vc_column_inner width=&#8221;1\/2&#8243;][vc_column_text]<img loading=\"lazy\" decoding=\"async\" class=\"aligncenter wp-image-33 size-full\" src=\"http:\/\/saricconsultant.rs\/wp-content\/uploads\/2020\/03\/sanja-saric-pravnik-1-1.jpg\" alt=\"sanja saric pravnik\" width=\"500\" height=\"550\" srcset=\"https:\/\/saricconsultant.rs\/wp-content\/uploads\/2020\/03\/sanja-saric-pravnik-1-1.jpg 500w, https:\/\/saricconsultant.rs\/wp-content\/uploads\/2020\/03\/sanja-saric-pravnik-1-1-273x300.jpg 273w\" sizes=\"auto, (max-width: 500px) 100vw, 500px\" \/>[\/vc_column_text][\/vc_column_inner][vc_column_inner width=&#8221;1\/2&#8243;][vc_column_text]<\/p>\n<h2>Sanja \u0160ari\u0107<\/h2>\n<p><img loading=\"lazy\" decoding=\"async\" class=\"size-full wp-image-50 alignnone\" src=\"http:\/\/saricconsultant.rs\/wp-content\/uploads\/2020\/03\/saric-line-1.png\" alt=\"\" width=\"72\" height=\"3\" \/>[\/vc_column_text][vc_empty_space height=&#8221;20&#8243;][vc_column_text]<\/p>\n<p style=\"text-align: justify;\">Sanja \u0160ari\u0107 graduated in law in 2005 and in 2007 she specialized in European law at the University of Belgrade, Faculty of Law. In 2009, she passed her bar examination and in 2014, she passed a notary public examination before the examination board of the Ministry of Justice of the Republic of Serbia.<\/p>\n<p style=\"text-align: justify;\">She acquired her initial knowledge and experience working in the People\u2019s Office of the President of the Republic and later as an independent attorney-at-law with the law office in Belgrade, in the period from 2007 till the first half of 2015.<\/p>\n<p style=\"text-align: justify;\">From the second half of 2015 till 2017, she worked as a notary public for the area of the Basic Court in \u0160id and from the second half of 2017 till 2018, Sanja \u0160ari\u0107 was a deputy notary public for the area of the First Basic Court in Belgrade.<\/p>\n<p style=\"text-align: justify;\">While working as an attorney and later as a notary public, Sanja \u0160ari\u0107 specialized in the fields of contract law, commercial law, construction law, property-related and legal relations in the field of real estate, lien, financial law and international business law.[\/vc_column_text][\/vc_column_inner][\/vc_row_inner][vc_empty_space][\/vc_column][\/vc_row][vc_row full_width=&#8221;true&#8221;][vc_column][vc_gmaps link=&#8221;#E-8_JTNDaWZyYW1lJTIwc3JjJTNEJTIyaHR0cHMlM0ElMkYlMkZ3d3cuZ29vZ2xlLmNvbSUyRm1hcHMlMkZlbWJlZCUzRnBiJTNEJTIxMW0xOCUyMTFtMTIlMjExbTMlMjExZDI4MzAuNDg3MDkxMDI1ODI5JTIxMmQyMC40NzM3NTI1MTU3NTA4NTYlMjEzZDQ0LjgxMTY0MDU4NDc2NzU1JTIxMm0zJTIxMWYwJTIxMmYwJTIxM2YwJTIxM20yJTIxMWkxMDI0JTIxMmk3NjglMjE0ZjEzLjElMjEzbTMlMjExbTIlMjExczB4NDc1YTdhYmNjZDcxMDM2OSUyNTNBMHhjNWRiNjRjZWMxYWYwYzNlJTIxMnowSnJRdmRDMTBMZlFzQ0RRbE5DdzBMM1F1TkM3MExBZ01USXNJTkNSMExYUXZ0Q3owWURRc05DMCUyMTVlMCUyMTNtMiUyMTFzc3IlMjEyc3JzJTIxNHYxNjczNDU0MTIyOTIyJTIxNW0yJTIxMXNzciUyMTJzcnMlMjIlMjB3aWR0aCUzRCUyMjYwMCUyMiUyMGhlaWdodCUzRCUyMjQ1MCUyMiUyMHN0eWxlJTNEJTIyYm9yZGVyJTNBMCUzQiUyMiUyMGFsbG93ZnVsbHNjcmVlbiUzRCUyMiUyMiUyMGxvYWRpbmclM0QlMjJsYXp5JTIyJTIwcmVmZXJyZXJwb2xpY3klM0QlMjJuby1yZWZlcnJlci13aGVuLWRvd25ncmFkZSUyMiUzRSUzQyUyRmlmcmFtZSUzRQ==&#8221; size=&#8221;350&#8243;][\/vc_column][\/vc_row][vc_row][vc_column][vc_column_text]<\/p>\n<p>[\/vc_column_text][\/vc_column][\/vc_row]<\/p>\n","protected":false},"excerpt":{"rendered":"<p>[vc_row][vc_column][vc_empty_space][vc_column_text css=&#8221;.vc_custom_1583320108342{padding-top: 20px !important;padding-right: 10px !important;padding-bottom: 20px !important;padding-left: 10px !important;background-color: #b11116 !important;}&#8221;] SaricConsultant Services [\/vc_column_text][vc_column_text css=&#8221;.vc_custom_1583829031234{padding-top: 20px !important;}&#8221;] SaricConsultant, Sanja \u0160ari\u0107 dipl. pravnik [\/vc_column_text][vc_empty_space][vc_row_inner][vc_column_inner width=&#8221;1\/4&#8243;][vc_single_image image=&#8221;44&#8243; img_size=&#8221;500*500&#8243; alignment=&#8221;center&#8221; onclick=&#8221;custom_link&#8221; link=&#8221;http:\/\/saricconsultant.rs\/kompanijsko-pravo\/&#8221;][vc_empty_space][vc_column_text] Corporate Law We provide clients with comprehensive service starting with the establishment of various types of companies, branches or representative offices, purchasing a share or&hellip;<\/p>\n","protected":false},"author":1,"featured_media":0,"parent":0,"menu_order":0,"comment_status":"closed","ping_status":"closed","template":"","meta":{"_monsterinsights_skip_tracking":false,"_monsterinsights_sitenote_active":false,"_monsterinsights_sitenote_note":"","_monsterinsights_sitenote_category":0,"footnotes":""},"class_list":["post-1642","page","type-page","status-publish","hentry","description-off"],"yoast_head":"<!-- This site is optimized with the Yoast SEO plugin v27.4 - https:\/\/yoast.com\/product\/yoast-seo-wordpress\/ -->\n<title>Konsultantska usluge - Konsultantska ku\u0107a \u0160ari\u0107 Beograd<\/title>\n<meta name=\"description\" content=\"Konsultantska usluge iz oblasti : hipoteke, zaloge, prometa nepokretnosti, subvencija, javne nabavke, ugovora i poseredovanja...\" \/>\n<meta name=\"robots\" content=\"index, follow, max-snippet:-1, max-image-preview:large, max-video-preview:-1\" \/>\n<link rel=\"canonical\" href=\"https:\/\/saricconsultant.rs\/usluge\/\" \/>\n<meta property=\"og:locale\" content=\"en_US\" \/>\n<meta property=\"og:type\" content=\"article\" \/>\n<meta property=\"og:title\" content=\"Konsultantska usluge - Konsultantska ku\u0107a \u0160ari\u0107 Beograd\" \/>\n<meta property=\"og:description\" content=\"Konsultantska usluge iz oblasti : hipoteke, zaloge, prometa nepokretnosti, subvencija, javne nabavke, ugovora i poseredovanja...\" \/>\n<meta property=\"og:url\" content=\"https:\/\/saricconsultant.rs\/usluge\/\" \/>\n<meta property=\"og:site_name\" content=\"saricconsultant\" \/>\n<meta property=\"article:modified_time\" content=\"2024-02-26T12:00:19+00:00\" \/>\n<meta property=\"og:image\" content=\"http:\/\/saricconsultant.rs\/wp-content\/uploads\/2020\/03\/saric-line-1.png\" \/>\n<meta name=\"twitter:card\" content=\"summary_large_image\" \/>\n<meta name=\"twitter:label1\" content=\"Est. reading time\" \/>\n\t<meta name=\"twitter:data1\" content=\"5 minutes\" \/>\n<script type=\"application\/ld+json\" class=\"yoast-schema-graph\">{\"@context\":\"https:\\\/\\\/schema.org\",\"@graph\":[{\"@type\":\"WebPage\",\"@id\":\"https:\\\/\\\/saricconsultant.rs\\\/usluge\\\/\",\"url\":\"https:\\\/\\\/saricconsultant.rs\\\/usluge\\\/\",\"name\":\"Konsultantska usluge - Konsultantska ku\u0107a \u0160ari\u0107 Beograd\",\"isPartOf\":{\"@id\":\"https:\\\/\\\/saricconsultant.rs\\\/#website\"},\"primaryImageOfPage\":{\"@id\":\"https:\\\/\\\/saricconsultant.rs\\\/usluge\\\/#primaryimage\"},\"image\":{\"@id\":\"https:\\\/\\\/saricconsultant.rs\\\/usluge\\\/#primaryimage\"},\"thumbnailUrl\":\"http:\\\/\\\/saricconsultant.rs\\\/wp-content\\\/uploads\\\/2020\\\/03\\\/saric-line-1.png\",\"datePublished\":\"2020-03-10T08:47:45+00:00\",\"dateModified\":\"2024-02-26T12:00:19+00:00\",\"description\":\"Konsultantska usluge iz oblasti : hipoteke, zaloge, prometa nepokretnosti, subvencija, javne nabavke, ugovora i poseredovanja...\",\"breadcrumb\":{\"@id\":\"https:\\\/\\\/saricconsultant.rs\\\/usluge\\\/#breadcrumb\"},\"inLanguage\":\"en-US\",\"potentialAction\":[{\"@type\":\"ReadAction\",\"target\":[\"https:\\\/\\\/saricconsultant.rs\\\/usluge\\\/\"]}]},{\"@type\":\"ImageObject\",\"inLanguage\":\"en-US\",\"@id\":\"https:\\\/\\\/saricconsultant.rs\\\/usluge\\\/#primaryimage\",\"url\":\"http:\\\/\\\/saricconsultant.rs\\\/wp-content\\\/uploads\\\/2020\\\/03\\\/saric-line-1.png\",\"contentUrl\":\"http:\\\/\\\/saricconsultant.rs\\\/wp-content\\\/uploads\\\/2020\\\/03\\\/saric-line-1.png\"},{\"@type\":\"BreadcrumbList\",\"@id\":\"https:\\\/\\\/saricconsultant.rs\\\/usluge\\\/#breadcrumb\",\"itemListElement\":[{\"@type\":\"ListItem\",\"position\":1,\"name\":\"Home\",\"item\":\"https:\\\/\\\/saricconsultant.rs\\\/\"},{\"@type\":\"ListItem\",\"position\":2,\"name\":\"Services\"}]},{\"@type\":\"WebSite\",\"@id\":\"https:\\\/\\\/saricconsultant.rs\\\/#website\",\"url\":\"https:\\\/\\\/saricconsultant.rs\\\/\",\"name\":\"saricconsultant\",\"description\":\"\",\"potentialAction\":[{\"@type\":\"SearchAction\",\"target\":{\"@type\":\"EntryPoint\",\"urlTemplate\":\"https:\\\/\\\/saricconsultant.rs\\\/?s={search_term_string}\"},\"query-input\":{\"@type\":\"PropertyValueSpecification\",\"valueRequired\":true,\"valueName\":\"search_term_string\"}}],\"inLanguage\":\"en-US\"}]}<\/script>\n<!-- \/ Yoast SEO plugin. -->","yoast_head_json":{"title":"Konsultantska usluge - Konsultantska ku\u0107a \u0160ari\u0107 Beograd","description":"Konsultantska usluge iz oblasti : hipoteke, zaloge, prometa nepokretnosti, subvencija, javne nabavke, ugovora i poseredovanja...","robots":{"index":"index","follow":"follow","max-snippet":"max-snippet:-1","max-image-preview":"max-image-preview:large","max-video-preview":"max-video-preview:-1"},"canonical":"https:\/\/saricconsultant.rs\/usluge\/","og_locale":"en_US","og_type":"article","og_title":"Konsultantska usluge - Konsultantska ku\u0107a \u0160ari\u0107 Beograd","og_description":"Konsultantska usluge iz oblasti : hipoteke, zaloge, prometa nepokretnosti, subvencija, javne nabavke, ugovora i poseredovanja...","og_url":"https:\/\/saricconsultant.rs\/usluge\/","og_site_name":"saricconsultant","article_modified_time":"2024-02-26T12:00:19+00:00","og_image":[{"url":"http:\/\/saricconsultant.rs\/wp-content\/uploads\/2020\/03\/saric-line-1.png","type":"","width":"","height":""}],"twitter_card":"summary_large_image","twitter_misc":{"Est. reading time":"5 minutes"},"schema":{"@context":"https:\/\/schema.org","@graph":[{"@type":"WebPage","@id":"https:\/\/saricconsultant.rs\/usluge\/","url":"https:\/\/saricconsultant.rs\/usluge\/","name":"Konsultantska usluge - Konsultantska ku\u0107a \u0160ari\u0107 Beograd","isPartOf":{"@id":"https:\/\/saricconsultant.rs\/#website"},"primaryImageOfPage":{"@id":"https:\/\/saricconsultant.rs\/usluge\/#primaryimage"},"image":{"@id":"https:\/\/saricconsultant.rs\/usluge\/#primaryimage"},"thumbnailUrl":"http:\/\/saricconsultant.rs\/wp-content\/uploads\/2020\/03\/saric-line-1.png","datePublished":"2020-03-10T08:47:45+00:00","dateModified":"2024-02-26T12:00:19+00:00","description":"Konsultantska usluge iz oblasti : hipoteke, zaloge, prometa nepokretnosti, subvencija, javne nabavke, ugovora i poseredovanja...","breadcrumb":{"@id":"https:\/\/saricconsultant.rs\/usluge\/#breadcrumb"},"inLanguage":"en-US","potentialAction":[{"@type":"ReadAction","target":["https:\/\/saricconsultant.rs\/usluge\/"]}]},{"@type":"ImageObject","inLanguage":"en-US","@id":"https:\/\/saricconsultant.rs\/usluge\/#primaryimage","url":"http:\/\/saricconsultant.rs\/wp-content\/uploads\/2020\/03\/saric-line-1.png","contentUrl":"http:\/\/saricconsultant.rs\/wp-content\/uploads\/2020\/03\/saric-line-1.png"},{"@type":"BreadcrumbList","@id":"https:\/\/saricconsultant.rs\/usluge\/#breadcrumb","itemListElement":[{"@type":"ListItem","position":1,"name":"Home","item":"https:\/\/saricconsultant.rs\/"},{"@type":"ListItem","position":2,"name":"Services"}]},{"@type":"WebSite","@id":"https:\/\/saricconsultant.rs\/#website","url":"https:\/\/saricconsultant.rs\/","name":"saricconsultant","description":"","potentialAction":[{"@type":"SearchAction","target":{"@type":"EntryPoint","urlTemplate":"https:\/\/saricconsultant.rs\/?s={search_term_string}"},"query-input":{"@type":"PropertyValueSpecification","valueRequired":true,"valueName":"search_term_string"}}],"inLanguage":"en-US"}]}},"_links":{"self":[{"href":"https:\/\/saricconsultant.rs\/en\/wp-json\/wp\/v2\/pages\/1642","targetHints":{"allow":["GET"]}}],"collection":[{"href":"https:\/\/saricconsultant.rs\/en\/wp-json\/wp\/v2\/pages"}],"about":[{"href":"https:\/\/saricconsultant.rs\/en\/wp-json\/wp\/v2\/types\/page"}],"author":[{"embeddable":true,"href":"https:\/\/saricconsultant.rs\/en\/wp-json\/wp\/v2\/users\/1"}],"replies":[{"embeddable":true,"href":"https:\/\/saricconsultant.rs\/en\/wp-json\/wp\/v2\/comments?post=1642"}],"version-history":[{"count":1,"href":"https:\/\/saricconsultant.rs\/en\/wp-json\/wp\/v2\/pages\/1642\/revisions"}],"predecessor-version":[{"id":1643,"href":"https:\/\/saricconsultant.rs\/en\/wp-json\/wp\/v2\/pages\/1642\/revisions\/1643"}],"wp:attachment":[{"href":"https:\/\/saricconsultant.rs\/en\/wp-json\/wp\/v2\/media?parent=1642"}],"curies":[{"name":"wp","href":"https:\/\/api.w.org\/{rel}","templated":true}]}}