{"id":1659,"date":"2020-03-09T14:07:30","date_gmt":"2020-03-09T14:07:30","guid":{"rendered":"http:\/\/saricconsultant.rs\/ugovori-u-privredi\/"},"modified":"2024-02-26T12:45:42","modified_gmt":"2024-02-26T12:45:42","slug":"contract-law","status":"publish","type":"page","link":"https:\/\/saricconsultant.rs\/en\/contract-law\/","title":{"rendered":"CONTRACT LAW"},"content":{"rendered":"<p>[vc_row type=&#8221;5&#8243; bg_color=&#8221;#f2f3f3&#8243;][vc_column][vc_empty_space height=&#8221;50&#8243;][vc_column_text css=&#8221;.vc_custom_1583762727073{padding-right: 10px !important;padding-left: 10px !important;}&#8221;]<\/p>\n<h1>CONTRACT LAW<\/h1>\n<h3>Negotiations and a contract conclusion procedure<\/h3>\n<p><img loading=\"lazy\" decoding=\"async\" class=\"size-full wp-image-42 alignnone\" src=\"http:\/\/saricconsultant.rs\/wp-content\/uploads\/2020\/03\/saric-consultant-line-1.png\" alt=\"\" width=\"257\" height=\"70\" \/><\/p>\n<p style=\"text-align: justify;\">Within the contract law, we provide our clients with a comprehensive service of counselling in the business contract conclusion procedure with local and foreign clients.<\/p>\n<p style=\"text-align: justify;\">The service entails counselling and participation in the procedures of negotiation and contract conclusion, with the previous verification of the legal and financial standing of contractual partners, compliance of contract clauses with legal provisions, with a precise definition of a contract\u2019s content, the (legal, contractual) fulfillment of the form, with a view to evading ambiguous interpretations, misuse and the annulment of a contract after its conclusion.<\/p>\n<p style=\"text-align: justify;\">Advising clients on some important elements of a contract, responsibility of the contracting parties, possibilities of amendments to the contract, effects of termination of a contract for default (reminder, termination, restitution to a previous condition, damages), possibilities of the fulfilment of a contract in the event of a creditor\u2019s default (fulfilment of an obligation by using the notary public deposit institute), the possibilities of termination of an obligation through compensation, assignation, change of creditors or debtors in a contractual relationship and other legal forms.[\/vc_column_text][vc_empty_space][\/vc_column][\/vc_row][vc_row][vc_column][vc_empty_space][vc_row_inner][vc_column_inner][vc_column_text]<img loading=\"lazy\" decoding=\"async\" class=\"aligncenter wp-image-83 size-full\" src=\"http:\/\/saricconsultant.rs\/wp-content\/uploads\/2020\/03\/korporativno-pravo-1.jpg\" alt=\"korporativno pravo\" width=\"1280\" height=\"333\" srcset=\"https:\/\/saricconsultant.rs\/wp-content\/uploads\/2020\/03\/korporativno-pravo-1.jpg 1280w, https:\/\/saricconsultant.rs\/wp-content\/uploads\/2020\/03\/korporativno-pravo-1-300x78.jpg 300w, https:\/\/saricconsultant.rs\/wp-content\/uploads\/2020\/03\/korporativno-pravo-1-1024x266.jpg 1024w, https:\/\/saricconsultant.rs\/wp-content\/uploads\/2020\/03\/korporativno-pravo-1-768x200.jpg 768w\" sizes=\"auto, (max-width: 1280px) 100vw, 1280px\" \/><\/p>\n<p>&nbsp;<\/p>\n<p><img loading=\"lazy\" decoding=\"async\" class=\"alignnone size-full wp-image-50\" src=\"http:\/\/saricconsultant.rs\/wp-content\/uploads\/2020\/03\/saric-line-1.png\" alt=\"\" width=\"72\" height=\"3\" \/><\/p>\n<h2>Protective and executive clauses<\/h2>\n<p style=\"text-align: justify;\">By entering protective clauses or clauses providing a contract with the force of an executive document, by conclusing contracts on additional guarantees or pledges, or on the pledging of property and rights, we protect the parties\u2019 interests in advance; we also provide our clients with the service of counselling and drawing up of out-of-court notary public settlements and other documents resolving the property and legal relations of contracting parties with the force of a court settlement.<\/p>\n<p style=\"text-align: justify;\">Counselling in the procedures of mediation and arbitration, the influence of a concluded agreement on mediation on limitations and repose, the relation between mediation and a court or another procedure, the various consequences of the conclusion of an agreement on the settlement of a dispute in a mediation procedure which has a force of an enforceable document and agreement which does not have a force of an enforceable document, conclusion of arbitration agreements, the effect of an arbitration agreement due to a cession of a claim or subrogation, filing an objection to jurisdiction, enforceability of a foreign or domestic arbitration decision, possibilities and reasons for the annulment of an arbitration decision, etc.<\/p>\n<p style=\"text-align: justify;\">Within our foreign exchange transactions, we advise our clients on the procedures of investments of a resident abroad and a non-resident in the Republic of Serbia in a legal entity, with a view to having them involved in the administration of that legal entity\u2019s affairs, the conclusion of foreign credit transactions and the procedure of registration of a foreign loan before the National Bank of Serbia, the offsetting of debts and receivables on the basis of realized foreign trade in goods and services, foreign trade in goods and services, purchase or sale, or payment or collection of receivables or debts resulting from the foreign trade transactions of residents, foreign factoring, etc.[\/vc_column_text][\/vc_column_inner][\/vc_row_inner][vc_empty_space][\/vc_column][\/vc_row][vc_row][vc_column][vc_empty_space][vc_column_text css=&#8221;.vc_custom_1583322686454{border-left-width: 2px !important;padding-right: 10px !important;padding-left: 10px !important;border-left-color: #b11116 !important;border-left-style: solid !important;}&#8221;]If you have any questions or if you need expert advice or assistance, feel free to <a href=\"http:\/\/saricconsultant.rs\/en\/contact\/\">contact us<\/a> in order that we resolve any dilemmas and reach a solution to mutual satisfaction![\/vc_column_text][vc_empty_space][\/vc_column][\/vc_row]<\/p>\n","protected":false},"excerpt":{"rendered":"<p>[vc_row type=&#8221;5&#8243; bg_color=&#8221;#f2f3f3&#8243;][vc_column][vc_empty_space height=&#8221;50&#8243;][vc_column_text css=&#8221;.vc_custom_1583762727073{padding-right: 10px !important;padding-left: 10px !important;}&#8221;] CONTRACT LAW Negotiations and a contract conclusion procedure Within the contract law, we provide our clients with a comprehensive service of counselling in the business contract conclusion procedure with local and foreign clients. The service entails counselling and participation in the procedures of negotiation and contract&hellip;<\/p>\n","protected":false},"author":1,"featured_media":0,"parent":0,"menu_order":0,"comment_status":"closed","ping_status":"closed","template":"","meta":{"_monsterinsights_skip_tracking":false,"_monsterinsights_sitenote_active":false,"_monsterinsights_sitenote_note":"","_monsterinsights_sitenote_category":0,"footnotes":""},"class_list":["post-1659","page","type-page","status-publish","hentry","description-off"],"yoast_head":"<!-- This site is optimized with the Yoast SEO plugin v27.3 - https:\/\/yoast.com\/product\/yoast-seo-wordpress\/ -->\n<title>Ugovori u privredi saricconsultant<\/title>\n<meta name=\"description\" content=\"Ugovori u privredi, Pregovori i postupak zaklju\u010denja ugovora, ugovori u privredi uz pomo\u0107 stru\u010dnog konsultanta Sanje \u0160ari\u0107.\" \/>\n<meta name=\"robots\" content=\"index, follow, max-snippet:-1, max-image-preview:large, max-video-preview:-1\" \/>\n<link rel=\"canonical\" href=\"https:\/\/saricconsultant.rs\/ugovori-u-privredi\/\" \/>\n<meta property=\"og:locale\" content=\"en_US\" \/>\n<meta property=\"og:type\" content=\"article\" \/>\n<meta property=\"og:title\" content=\"Ugovori u privredi saricconsultant\" \/>\n<meta property=\"og:description\" content=\"Ugovori u privredi, Pregovori i postupak zaklju\u010denja ugovora, ugovori u privredi uz pomo\u0107 stru\u010dnog konsultanta Sanje \u0160ari\u0107.\" \/>\n<meta property=\"og:url\" content=\"https:\/\/saricconsultant.rs\/ugovori-u-privredi\/\" \/>\n<meta property=\"og:site_name\" content=\"saricconsultant\" \/>\n<meta property=\"article:modified_time\" content=\"2024-02-26T12:45:42+00:00\" \/>\n<meta property=\"og:image\" content=\"http:\/\/saricconsultant.rs\/wp-content\/uploads\/2020\/03\/saric-consultant-line-1.png\" \/>\n<meta name=\"twitter:card\" content=\"summary_large_image\" \/>\n<meta name=\"twitter:label1\" content=\"Est. reading time\" \/>\n\t<meta name=\"twitter:data1\" content=\"3 minutes\" \/>\n<script type=\"application\/ld+json\" class=\"yoast-schema-graph\">{\"@context\":\"https:\\\/\\\/schema.org\",\"@graph\":[{\"@type\":\"WebPage\",\"@id\":\"https:\\\/\\\/saricconsultant.rs\\\/ugovori-u-privredi\\\/\",\"url\":\"https:\\\/\\\/saricconsultant.rs\\\/ugovori-u-privredi\\\/\",\"name\":\"Ugovori u privredi saricconsultant\",\"isPartOf\":{\"@id\":\"https:\\\/\\\/saricconsultant.rs\\\/#website\"},\"primaryImageOfPage\":{\"@id\":\"https:\\\/\\\/saricconsultant.rs\\\/ugovori-u-privredi\\\/#primaryimage\"},\"image\":{\"@id\":\"https:\\\/\\\/saricconsultant.rs\\\/ugovori-u-privredi\\\/#primaryimage\"},\"thumbnailUrl\":\"http:\\\/\\\/saricconsultant.rs\\\/wp-content\\\/uploads\\\/2020\\\/03\\\/saric-consultant-line-1.png\",\"datePublished\":\"2020-03-09T14:07:30+00:00\",\"dateModified\":\"2024-02-26T12:45:42+00:00\",\"description\":\"Ugovori u privredi, Pregovori i postupak zaklju\u010denja ugovora, ugovori u privredi uz pomo\u0107 stru\u010dnog konsultanta Sanje \u0160ari\u0107.\",\"breadcrumb\":{\"@id\":\"https:\\\/\\\/saricconsultant.rs\\\/ugovori-u-privredi\\\/#breadcrumb\"},\"inLanguage\":\"en-US\",\"potentialAction\":[{\"@type\":\"ReadAction\",\"target\":[\"https:\\\/\\\/saricconsultant.rs\\\/ugovori-u-privredi\\\/\"]}]},{\"@type\":\"ImageObject\",\"inLanguage\":\"en-US\",\"@id\":\"https:\\\/\\\/saricconsultant.rs\\\/ugovori-u-privredi\\\/#primaryimage\",\"url\":\"http:\\\/\\\/saricconsultant.rs\\\/wp-content\\\/uploads\\\/2020\\\/03\\\/saric-consultant-line-1.png\",\"contentUrl\":\"http:\\\/\\\/saricconsultant.rs\\\/wp-content\\\/uploads\\\/2020\\\/03\\\/saric-consultant-line-1.png\"},{\"@type\":\"BreadcrumbList\",\"@id\":\"https:\\\/\\\/saricconsultant.rs\\\/ugovori-u-privredi\\\/#breadcrumb\",\"itemListElement\":[{\"@type\":\"ListItem\",\"position\":1,\"name\":\"Home\",\"item\":\"https:\\\/\\\/saricconsultant.rs\\\/\"},{\"@type\":\"ListItem\",\"position\":2,\"name\":\"CONTRACT LAW\"}]},{\"@type\":\"WebSite\",\"@id\":\"https:\\\/\\\/saricconsultant.rs\\\/#website\",\"url\":\"https:\\\/\\\/saricconsultant.rs\\\/\",\"name\":\"saricconsultant\",\"description\":\"\",\"potentialAction\":[{\"@type\":\"SearchAction\",\"target\":{\"@type\":\"EntryPoint\",\"urlTemplate\":\"https:\\\/\\\/saricconsultant.rs\\\/?s={search_term_string}\"},\"query-input\":{\"@type\":\"PropertyValueSpecification\",\"valueRequired\":true,\"valueName\":\"search_term_string\"}}],\"inLanguage\":\"en-US\"}]}<\/script>\n<!-- \/ Yoast SEO plugin. -->","yoast_head_json":{"title":"Ugovori u privredi saricconsultant","description":"Ugovori u privredi, Pregovori i postupak zaklju\u010denja ugovora, ugovori u privredi uz pomo\u0107 stru\u010dnog konsultanta Sanje \u0160ari\u0107.","robots":{"index":"index","follow":"follow","max-snippet":"max-snippet:-1","max-image-preview":"max-image-preview:large","max-video-preview":"max-video-preview:-1"},"canonical":"https:\/\/saricconsultant.rs\/ugovori-u-privredi\/","og_locale":"en_US","og_type":"article","og_title":"Ugovori u privredi saricconsultant","og_description":"Ugovori u privredi, Pregovori i postupak zaklju\u010denja ugovora, ugovori u privredi uz pomo\u0107 stru\u010dnog konsultanta Sanje \u0160ari\u0107.","og_url":"https:\/\/saricconsultant.rs\/ugovori-u-privredi\/","og_site_name":"saricconsultant","article_modified_time":"2024-02-26T12:45:42+00:00","og_image":[{"url":"http:\/\/saricconsultant.rs\/wp-content\/uploads\/2020\/03\/saric-consultant-line-1.png","type":"","width":"","height":""}],"twitter_card":"summary_large_image","twitter_misc":{"Est. reading time":"3 minutes"},"schema":{"@context":"https:\/\/schema.org","@graph":[{"@type":"WebPage","@id":"https:\/\/saricconsultant.rs\/ugovori-u-privredi\/","url":"https:\/\/saricconsultant.rs\/ugovori-u-privredi\/","name":"Ugovori u privredi saricconsultant","isPartOf":{"@id":"https:\/\/saricconsultant.rs\/#website"},"primaryImageOfPage":{"@id":"https:\/\/saricconsultant.rs\/ugovori-u-privredi\/#primaryimage"},"image":{"@id":"https:\/\/saricconsultant.rs\/ugovori-u-privredi\/#primaryimage"},"thumbnailUrl":"http:\/\/saricconsultant.rs\/wp-content\/uploads\/2020\/03\/saric-consultant-line-1.png","datePublished":"2020-03-09T14:07:30+00:00","dateModified":"2024-02-26T12:45:42+00:00","description":"Ugovori u privredi, Pregovori i postupak zaklju\u010denja ugovora, ugovori u privredi uz pomo\u0107 stru\u010dnog konsultanta Sanje \u0160ari\u0107.","breadcrumb":{"@id":"https:\/\/saricconsultant.rs\/ugovori-u-privredi\/#breadcrumb"},"inLanguage":"en-US","potentialAction":[{"@type":"ReadAction","target":["https:\/\/saricconsultant.rs\/ugovori-u-privredi\/"]}]},{"@type":"ImageObject","inLanguage":"en-US","@id":"https:\/\/saricconsultant.rs\/ugovori-u-privredi\/#primaryimage","url":"http:\/\/saricconsultant.rs\/wp-content\/uploads\/2020\/03\/saric-consultant-line-1.png","contentUrl":"http:\/\/saricconsultant.rs\/wp-content\/uploads\/2020\/03\/saric-consultant-line-1.png"},{"@type":"BreadcrumbList","@id":"https:\/\/saricconsultant.rs\/ugovori-u-privredi\/#breadcrumb","itemListElement":[{"@type":"ListItem","position":1,"name":"Home","item":"https:\/\/saricconsultant.rs\/"},{"@type":"ListItem","position":2,"name":"CONTRACT LAW"}]},{"@type":"WebSite","@id":"https:\/\/saricconsultant.rs\/#website","url":"https:\/\/saricconsultant.rs\/","name":"saricconsultant","description":"","potentialAction":[{"@type":"SearchAction","target":{"@type":"EntryPoint","urlTemplate":"https:\/\/saricconsultant.rs\/?s={search_term_string}"},"query-input":{"@type":"PropertyValueSpecification","valueRequired":true,"valueName":"search_term_string"}}],"inLanguage":"en-US"}]}},"_links":{"self":[{"href":"https:\/\/saricconsultant.rs\/en\/wp-json\/wp\/v2\/pages\/1659","targetHints":{"allow":["GET"]}}],"collection":[{"href":"https:\/\/saricconsultant.rs\/en\/wp-json\/wp\/v2\/pages"}],"about":[{"href":"https:\/\/saricconsultant.rs\/en\/wp-json\/wp\/v2\/types\/page"}],"author":[{"embeddable":true,"href":"https:\/\/saricconsultant.rs\/en\/wp-json\/wp\/v2\/users\/1"}],"replies":[{"embeddable":true,"href":"https:\/\/saricconsultant.rs\/en\/wp-json\/wp\/v2\/comments?post=1659"}],"version-history":[{"count":2,"href":"https:\/\/saricconsultant.rs\/en\/wp-json\/wp\/v2\/pages\/1659\/revisions"}],"predecessor-version":[{"id":1662,"href":"https:\/\/saricconsultant.rs\/en\/wp-json\/wp\/v2\/pages\/1659\/revisions\/1662"}],"wp:attachment":[{"href":"https:\/\/saricconsultant.rs\/en\/wp-json\/wp\/v2\/media?parent=1659"}],"curies":[{"name":"wp","href":"https:\/\/api.w.org\/{rel}","templated":true}]}}